{"id":2312,"date":"2017-08-23T09:59:30","date_gmt":"2017-08-23T08:59:30","guid":{"rendered":"https:\/\/www.ernsting.com\/portale\/"},"modified":"2021-01-16T11:40:01","modified_gmt":"2021-01-16T10:40:01","slug":"portallar","status":"publish","type":"page","link":"https:\/\/www.ernsting.com\/tr\/portallar\/","title":{"rendered":"Portallar"},"content":{"rendered":"<h1>\n\t\tFinansal portallar\n\t<\/h1>\n\t<p>Finansal a\u011f\u0131m\u0131z, g\u00fcncel bilgi ve ko\u015fullar\u0131, ayr\u0131nt\u0131l\u0131 portreleri, kapsaml\u0131 kar\u015f\u0131la\u015ft\u0131rmalar\u0131 ve pratik ara\u00e7lar\u0131 bulabilece\u011finiz bir\u00e7ok \u00f6zel ilgi portal\u0131ndan olu\u015fmaktad\u0131r. Odak noktam\u0131z arac\u0131l\u0131k, ETF'ler, fonlar, sermaye yat\u0131r\u0131m\u0131, dijital varl\u0131k y\u00f6netimi ve g\u00fcncel finansal konulardaki rehberlerdir. Bu odaklanma, konular\u0131n hedef gruba g\u00f6re ideal bir \u015fekilde konumland\u0131r\u0131lmas\u0131n\u0131 m\u00fcmk\u00fcn k\u0131lmaktad\u0131r.<\/p>\n<p>A\u015fa\u011f\u0131da finans portallar\u0131m\u0131zdan baz\u0131lar\u0131n\u0131 sunuyoruz!<\/p>\n\t\t\t\t<a href=\"\/tr\/portallar\/broker-test-de\/\" target=\"_self\" itemprop=\"url\" rel=\"noopener\">\n\t\t\t\t<img loading=\"lazy\" decoding=\"async\" src=\"https:\/\/www.ernsting.com\/wp-content\/uploads\/2020\/12\/@brokertest-300x115.jpg\" alt=\"FINAL Logo Broker Testi B\u00fcy\u00fck\" itemprop=\"image\" height=\"115\" width=\"300\" title=\"FINAL Logo Broker Testi B\u00fcy\u00fck\" onerror=\"this.style.display='none'\"  \/>\n\t\t\t\t<\/a>\n\t<h2>Broker-Test.com<\/h2>\n<p>Nisan 2000'de Diskountbroker.de ad\u0131yla kurulan ve ertesi y\u0131l Broker-Test.de ad\u0131yla yeniden faaliyete ge\u00e7en finans portal\u0131, 20 y\u0131l\u0131 a\u015fk\u0131n s\u00fcredir Almanya'n\u0131n \u00f6nde gelen broker kar\u015f\u0131la\u015ft\u0131rma sitesi konumundad\u0131r. Ancak bu arada ETF'ler, RoboAdvisor, finansal bilgi, sermaye yat\u0131r\u0131m\u0131, alt\u0131n, Bitcoin, d\u00f6viz ticareti, ticaret web seminerleri ve ya\u015fl\u0131l\u0131k kar\u015f\u0131l\u0131\u011f\u0131 gibi konular giderek daha fazla \u00f6n plana \u00e7\u0131kmaktad\u0131r.<\/p>\n\t\t\t\t<a href=\"\/tr\/portallar\/iceriden-alarm\/\" target=\"_self\" itemprop=\"url\" rel=\"noopener\">\n\t\t\t\t<img loading=\"lazy\" decoding=\"async\" src=\"https:\/\/www.ernsting.com\/wp-content\/uploads\/2021\/01\/Logo_Insider_Alarm_2020_web-02-300x108.png\" alt=\"Logo Insider Alarm 2020 Web 02\" itemprop=\"image\" height=\"108\" width=\"300\" title=\"Logo Insider Alarm 2020 Web 02\" onerror=\"this.style.display='none'\"  \/>\n\t\t\t\t<\/a>\n\t<h2>Insider-Alarm.com<\/h2>\n<p>Insider Alarm, y\u00f6netici anla\u015fmalar\u0131 ve i\u00e7eriden \u00f6\u011frenenlerin ticareti konusunda Almanca yay\u0131n yapan lider finans portal\u0131d\u0131r. \u00d6ncelikli odak noktas\u0131 DAX, MDAX ve Dax ailesinin di\u011fer endekslerindeki hisselerdir. En son i\u00e7eriden al\u0131m ve sat\u0131mlar g\u00fcnl\u00fck olarak g\u00f6sterilir.<\/p>\n\t\t\t\t<a href=\"\/tr\/portallar\/broker-secimi\/\" target=\"_self\" itemprop=\"url\" rel=\"noopener\">\n\t\t\t\t<img loading=\"lazy\" decoding=\"async\" src=\"https:\/\/www.ernsting.com\/wp-content\/uploads\/2021\/01\/@brokerwahl-e1609973748887-300x115.jpg\" alt=\"@broker se\u00e7imi\" itemprop=\"image\" height=\"115\" width=\"300\" title=\"@broker se\u00e7imi\" onerror=\"this.style.display='none'\"  \/>\n\t\t\t\t<\/a>\n\t<h2>BrokerChoice.com<\/h2>\n<p>T\u00fcccarlar 20 y\u0131l\u0131 a\u015fk\u0131n bir s\u00fcredir brokerlerin performans\u0131n\u0131 oylamakta ve her y\u0131l \u00e7e\u015fitli kategorilerde Y\u0131l\u0131n Brokerini se\u00e7mektedir. Ana kategori \"Y\u0131l\u0131n \u00c7evrimi\u00e7i Brokeri \"dir. Y\u0131l\u0131n Brokeri 2021 i\u00e7in bir sonraki oylama 1 Mart 2021'de ba\u015flayacak ve 30 Mart 2021'de sona erecektir.<\/p>\n\t<p>Portallar\u0131m\u0131z\u0131 \u00f6zellikle finans konusuna yak\u0131nl\u0131k duyan ve uzun s\u00fcredir bu konuyla yo\u011fun olarak ilgilenen ki\u015filere y\u00f6nelik olarak haz\u0131rlayarak hedef kitlenize do\u011frudan hitap etmi\u015f olursunuz.<\/p>\n<p>Finansal portallar\u0131m\u0131zda imaj veya yan\u0131t kampanyalar\u0131yla ilgileniyorsan\u0131z, l\u00fctfen bizimle ileti\u015fime ge\u00e7mekten \u00e7ekinmeyin.\u00a0<a title=\"Medya verileri\" href=\"\/tr\/iletisim\/medya\/\" target=\"_self\" rel=\"noopener\">Medya verilerini talep edin<\/a>.<\/p>","protected":false},"excerpt":{"rendered":"<p>Finanzportale Unser Finanznetzwerk besteht aus vielen Special Interest Portalen, auf denen Sie aktuelle Informationen und Konditionen, ausf\u00fchrliche Portraits, umfangreiche Vergleiche und praktische Tools vorfinden. Unsere Schwerpunkte liegen dabei auf den Themen Brokerage, ETFs, Fonds, Kapitalanlage, Digitale Verm\u00f6gensanlage und Ratgeber zu aktuellen Finanzthemen. Durch diese Fokussierung ist eine zielgruppengerechte Positionierung der Themen ideal m\u00f6glich. Im Folgenden [&hellip;]<\/p>\n","protected":false},"author":2,"featured_media":0,"parent":0,"menu_order":2,"comment_status":"closed","ping_status":"closed","template":"","meta":{"footnotes":""},"class_list":["post-2312","page","type-page","status-publish","hentry","wpbf-post"],"_links":{"self":[{"href":"https:\/\/www.ernsting.com\/tr\/wp-json\/wp\/v2\/pages\/2312","targetHints":{"allow":["GET"]}}],"collection":[{"href":"https:\/\/www.ernsting.com\/tr\/wp-json\/wp\/v2\/pages"}],"about":[{"href":"https:\/\/www.ernsting.com\/tr\/wp-json\/wp\/v2\/types\/page"}],"author":[{"embeddable":true,"href":"https:\/\/www.ernsting.com\/tr\/wp-json\/wp\/v2\/users\/2"}],"replies":[{"embeddable":true,"href":"https:\/\/www.ernsting.com\/tr\/wp-json\/wp\/v2\/comments?post=2312"}],"version-history":[{"count":6,"href":"https:\/\/www.ernsting.com\/tr\/wp-json\/wp\/v2\/pages\/2312\/revisions"}],"predecessor-version":[{"id":2995,"href":"https:\/\/www.ernsting.com\/tr\/wp-json\/wp\/v2\/pages\/2312\/revisions\/2995"}],"wp:attachment":[{"href":"https:\/\/www.ernsting.com\/tr\/wp-json\/wp\/v2\/media?parent=2312"}],"curies":[{"name":"wp","href":"https:\/\/api.w.org\/{rel}","templated":true}]}}