{"id":2313,"date":"2017-08-23T09:59:59","date_gmt":"2017-08-23T08:59:59","guid":{"rendered":"https:\/\/www.ernsting.com\/broker-test-de\/"},"modified":"2021-01-17T22:41:52","modified_gmt":"2021-01-17T21:41:52","slug":"broker-testi","status":"publish","type":"page","link":"https:\/\/www.ernsting.com\/tr\/portallar\/broker-testi\/","title":{"rendered":"Broker testi"},"content":{"rendered":"<h1>\n\t\tBroker testi\n\t<\/h1>\n\t\t\t\t<a href=\"https:\/\/broker-test.de\" target=\"_blank\" rel=\"noopener\" itemprop=\"url\">\n\t\t\t\t<img loading=\"lazy\" decoding=\"async\" src=\"https:\/\/www.ernsting.com\/wp-content\/uploads\/2020\/12\/@brokertest-300x115.jpg\" alt=\"FINAL Logo Broker Testi B\u00fcy\u00fck\" itemprop=\"image\" height=\"115\" width=\"300\" title=\"FINAL Logo Broker Testi B\u00fcy\u00fck\" onerror=\"this.style.display='none'\"  \/>\n\t\t\t\t<\/a>\n\t<p>Broker-Test.de'de hakk\u0131nda ba\u011f\u0131ms\u0131z ve g\u00fcncel bilgiler bulacaks\u0131n\u0131z: Online Broker, <a href=\"https:\/\/broker-test.de\/forex-broker\/\" target=\"_blank\" rel=\"noopener\">Forex Broker<\/a>CFD Broker, NeoBroker ve Futures Broker. Almanya pazar\u0131ndaki en iyi brokerlerin kapsaml\u0131 kar\u015f\u0131la\u015ft\u0131rmalar\u0131n\u0131n yan\u0131 s\u0131ra, fiyat ve \u00fccretlere ili\u015fkin g\u00fcncel broker kar\u015f\u0131la\u015ft\u0131rmalar\u0131 da bulunmaktad\u0131r.<\/p>\n<p>Ayr\u0131ca Broker Test, \u00f6nde gelen dijital varl\u0131k y\u00f6netimi sa\u011flay\u0131c\u0131lar\u0131n\u0131, robo dan\u0131\u015fmanlar\u0131n\u0131 kar\u015f\u0131la\u015ft\u0131r\u0131r ve her i\u015flem g\u00fcn\u00fcnde piyasa g\u00fcncellemeleri yay\u0131nlar.<\/p>\n<h2>\n\t\tBroker Testi Ekran G\u00f6r\u00fcnt\u00fcleri\n\t<\/h2>\n\t\t\t\t\t\t\t\t\t\t\t\t\t\t\t\t\t<a href=\"https:\/\/www.ernsting.com\/wp-content\/uploads\/2021\/01\/btde_tkrechner-1030x785.png\" target=\"_self\" data-caption=\"\" rel=\"noopener\">\n\t\t\t\t\t\t\t\t\t\t<\/a>\n\t\t\t\t\t\t\t\t\t\t\t\t\t\t\t\t\t<a href=\"https:\/\/www.ernsting.com\/wp-content\/uploads\/2021\/01\/btde_home-1030x785.png\" target=\"_self\" data-caption=\"\" rel=\"noopener\">\n\t\t\t\t\t\t\t\t\t\t<\/a>\n\t\t\t\t\t\t\t\t\t\t\t\t\t\t\t\t\t<a href=\"https:\/\/www.ernsting.com\/wp-content\/uploads\/2021\/01\/btde_robo-1030x785.png\" target=\"_self\" data-caption=\"\" rel=\"noopener\">\n\t\t\t\t\t\t\t\t\t\t<\/a>\n\t\t\t\t\t\t\t\t\t\t\t\t\t\t\t\t\t<a href=\"https:\/\/www.ernsting.com\/wp-content\/uploads\/2021\/01\/btde_webinare-1030x785.png\" target=\"_self\" data-caption=\"\" rel=\"noopener\">\n\t\t\t\t\t\t\t\t\t\t<\/a>\n\t\t\t\t\t\t\t\t\t\t\t\t\t\t\t\t\t<a href=\"https:\/\/www.ernsting.com\/wp-content\/uploads\/2021\/01\/btde_news-1030x785.png\" target=\"_self\" data-caption=\"\" rel=\"noopener\">\n\t\t\t\t\t\t\t\t\t\t<\/a>\n\t\t\t\t\t\t\t\t\t\t\t\t\t\t\t\t\t<a href=\"https:\/\/www.ernsting.com\/wp-content\/uploads\/2021\/01\/btde_broker-1030x785.png\" target=\"_self\" data-caption=\"\" rel=\"noopener\">\n\t\t\t\t\t\t\t\t\t\t<\/a>\n\t\t\t\t\t\t\t\t<!-- pagination -->\n\t<p>Do\u011frudan gitmek i\u00e7in buraya t\u0131klay\u0131n <a href=\"https:\/\/broker-test.de\/\" target=\"_blank\" rel=\"noopener\">Broker testi<\/a>arac\u0131l\u0131k ve ticaret konusunda lider finans portal\u0131.<\/p>","protected":false},"excerpt":{"rendered":"<p>Broker Test Auf Broker-Test.de finden Sie unabh\u00e4ngige und aktuelle Informationen \u00fcber: Online Broker, Forex Broker, CFD Broker, NeoBroker &amp; Futures Broker. Neben umfangreichen Vergleichen der besten Broker im deutschen Markt gibt es auch aktuelle Brokervergleiche der Preise und Geb\u00fchren. Dar\u00fcber hinaus vergleicht Broker Test auch die f\u00fchrenden Anbieter der digitalen Verm\u00f6gensverwaltung, Robo Advisor, und ver\u00f6ffentlicht [&hellip;]<\/p>\n","protected":false},"author":2,"featured_media":0,"parent":2312,"menu_order":0,"comment_status":"closed","ping_status":"closed","template":"","meta":{"footnotes":""},"class_list":["post-2313","page","type-page","status-publish","hentry","wpbf-post"],"_links":{"self":[{"href":"https:\/\/www.ernsting.com\/tr\/wp-json\/wp\/v2\/pages\/2313","targetHints":{"allow":["GET"]}}],"collection":[{"href":"https:\/\/www.ernsting.com\/tr\/wp-json\/wp\/v2\/pages"}],"about":[{"href":"https:\/\/www.ernsting.com\/tr\/wp-json\/wp\/v2\/types\/page"}],"author":[{"embeddable":true,"href":"https:\/\/www.ernsting.com\/tr\/wp-json\/wp\/v2\/users\/2"}],"replies":[{"embeddable":true,"href":"https:\/\/www.ernsting.com\/tr\/wp-json\/wp\/v2\/comments?post=2313"}],"version-history":[{"count":21,"href":"https:\/\/www.ernsting.com\/tr\/wp-json\/wp\/v2\/pages\/2313\/revisions"}],"predecessor-version":[{"id":3024,"href":"https:\/\/www.ernsting.com\/tr\/wp-json\/wp\/v2\/pages\/2313\/revisions\/3024"}],"up":[{"embeddable":true,"href":"https:\/\/www.ernsting.com\/tr\/wp-json\/wp\/v2\/pages\/2312"}],"wp:attachment":[{"href":"https:\/\/www.ernsting.com\/tr\/wp-json\/wp\/v2\/media?parent=2313"}],"curies":[{"name":"wp","href":"https:\/\/api.w.org\/{rel}","templated":true}]}}