{"id":2317,"date":"2019-06-24T09:38:27","date_gmt":"2019-06-24T08:38:27","guid":{"rendered":"https:\/\/www.ernsting.com\/jobs\/"},"modified":"2025-03-20T12:35:06","modified_gmt":"2025-03-20T11:35:06","slug":"isler","status":"publish","type":"page","link":"https:\/\/www.ernsting.com\/tr\/isler\/","title":{"rendered":"Meslekler"},"content":{"rendered":"<h2>A\u00e7\u0131k pozisyonlar<\/h2>\n<h3><\/h3>\n<h3>1) WordPress Programc\u0131s\u0131 - Freelancer, Home Office, Yar\u0131 Zamanl\u0131<\/h3>\n<p>\u015eu anda uzun vadeli bir i\u015fbirli\u011fi i\u00e7in serbest \u00e7al\u0131\u015fan bir WordPress programc\u0131s\u0131 ar\u0131yoruz.<\/p>\n<h3>2) Veri i\u015fleyen - serbest \u00e7al\u0131\u015fan, ev ofis<\/h3>\n<p>Uzun vadeli bir i\u015fbirli\u011fi i\u00e7in bir veri y\u00f6neticisi ar\u0131yoruz. Ana g\u00f6revler ba\u011f\u0131ms\u0131z veri bak\u0131m\u0131 ve veri kontrol\u00fcd\u00fcr.<\/p>\n<p>&nbsp;<\/p>\n<p><strong>Ya \u015fimdi?<\/strong><\/p>\n<p>L\u00fctfen bize do\u011frudan buradan yaz\u0131n <a href=\"\/tr\/isler\/programci\/\">Programc\u0131 \u0130\u015f Formu<\/a> ya da <a href=\"\/tr\/isler\/veri-bekcisi\/\">Veri i\u015fleyen i\u015f formu<\/a>.<br \/>\nBurada ayr\u0131ca ihtiya\u00e7 profillerimiz hakk\u0131nda daha fazla bilgi bulabilirsiniz.<\/p>\n<p><strong>\u0130pucu:<\/strong><\/p>\n<p>Maalesef, \u00f6zellikle i\u015f portallar\u0131 ve i\u015fe al\u0131m ajanslar\u0131ndan gelen sorulara e-posta yoluyla cevap veremiyoruz, \u00e7\u00fcnk\u00fc ba\u015fvuru say\u0131s\u0131 art\u0131k \u00e7ok y\u00fcksek ve i\u015f ilanlar\u0131m\u0131zla nadiren e\u015fle\u015fiyor! Bu nedenle, l\u00fctfen her \u015feyi ger\u00e7ekten form arac\u0131l\u0131\u011f\u0131yla g\u00f6nderin \ud83d\ude0a<\/p>\n<p>&nbsp;<\/p>","protected":false},"excerpt":{"rendered":"<p>Offen Stellen 1) WordPress Programmierer &#8211; Freelancer, Home Office, nebenberuflich Derzeit suchen wir einen WordPress Programmierer auf Freelancer Basis f\u00fcr eine langfristige Zusammenarbeit. 2) Datenpfleger &#8211; Freelancer, Home Office Wir suchen einen Datenpfleger f\u00fcr eine langfristige Zusammenarbeit. Hauptaufgaben sind eigenst\u00e4ndige Datenpflege und Datenkontrolle. &nbsp; Und jetzt? Bitte schreib uns Du direkt hier im Programmierer Jobformular [&hellip;]<\/p>\n","protected":false},"author":2,"featured_media":0,"parent":0,"menu_order":3,"comment_status":"closed","ping_status":"closed","template":"","meta":{"footnotes":""},"class_list":["post-2317","page","type-page","status-publish","hentry","wpbf-post"],"_links":{"self":[{"href":"https:\/\/www.ernsting.com\/tr\/wp-json\/wp\/v2\/pages\/2317","targetHints":{"allow":["GET"]}}],"collection":[{"href":"https:\/\/www.ernsting.com\/tr\/wp-json\/wp\/v2\/pages"}],"about":[{"href":"https:\/\/www.ernsting.com\/tr\/wp-json\/wp\/v2\/types\/page"}],"author":[{"embeddable":true,"href":"https:\/\/www.ernsting.com\/tr\/wp-json\/wp\/v2\/users\/2"}],"replies":[{"embeddable":true,"href":"https:\/\/www.ernsting.com\/tr\/wp-json\/wp\/v2\/comments?post=2317"}],"version-history":[{"count":7,"href":"https:\/\/www.ernsting.com\/tr\/wp-json\/wp\/v2\/pages\/2317\/revisions"}],"predecessor-version":[{"id":3996,"href":"https:\/\/www.ernsting.com\/tr\/wp-json\/wp\/v2\/pages\/2317\/revisions\/3996"}],"wp:attachment":[{"href":"https:\/\/www.ernsting.com\/tr\/wp-json\/wp\/v2\/media?parent=2317"}],"curies":[{"name":"wp","href":"https:\/\/api.w.org\/{rel}","templated":true}]}}