{"id":3035,"date":"2021-01-19T09:21:14","date_gmt":"2021-01-19T08:21:14","guid":{"rendered":"https:\/\/www.ernsting.com\/newsletter\/newsletter-anmeldung\/"},"modified":"2021-05-14T10:42:55","modified_gmt":"2021-05-14T09:42:55","slug":"buelten-kaydi","status":"publish","type":"page","link":"https:\/\/www.ernsting.com\/tr\/buelten\/buelten-kaydi\/","title":{"rendered":"B\u00fclten aboneli\u011fi: Hafta sonu finansal bilgiler"},"content":{"rendered":"<h1>\n\t\tB\u00fclten aboneli\u011fi\n\t<\/h1>\n<h2>\n\t\tHafta Sonu Finansal Bilgiler - Haber B\u00fclteni\n\t<\/h2>\n\t<div class='_form_1'><\/div><script type='text\/javascript' src='https:\/\/ernsting55266.activehosted.com\/f\/embed.php?static=0&id=1&69F1F90EA29F3&nostyles=0&preview=0'><\/script>\n\t<h5>\"G\u00f6nder\" butonuna t\u0131klayarak, ki\u015fisel verilerimin a\u015fa\u011f\u0131daki h\u00fck\u00fcmlere uygun olarak i\u015flenmesine izin veriyorum <a href=\"\/kontakt\/impressum-agb-datenschutz\/\">Gizlilik Politikas\u0131<\/a> Kat\u0131l\u0131yorum.<\/h5>\n<p>\u00dccretsiz haber b\u00fcltenlerimizden istedi\u011finiz zaman sorunsuz bir \u015fekilde \u00e7\u0131kabilirsiniz! Sadece bir deneyin - ilgin\u00e7 hisse senetleri, temett\u00fcler, ETF'ler, tahviller, broker kar\u015f\u0131la\u015ft\u0131rmalar\u0131, sermaye yat\u0131r\u0131m\u0131, ya\u015fl\u0131l\u0131k kar\u015f\u0131l\u0131\u011f\u0131, vergiler, emekli maa\u015flar\u0131, robo dan\u0131\u015fmanlar, in\u015faat finansman\u0131, de\u011fer yat\u0131r\u0131m\u0131, getiri optimizasyonu ve di\u011fer bir\u00e7ok heyecan verici konu hakk\u0131nda haftal\u0131k rapor veriyoruz!<\/p>","protected":false},"excerpt":{"rendered":"<p>Newsletter Anmeldung Finanzinfos am Wochenende &#8211; Newsletter Durch Klicken auf &#8222;Abschicken&#8220; erkl\u00e4re ich mich mit der Verarbeitung meiner pers\u00f6nlichen Daten gem\u00e4\u00df der Datenschutzerkl\u00e4rung einverstanden. Sie k\u00f6nnen sich jederzeit aus unseren kostenlosen Newslettern ohne Probleme wieder abmelden! Einfach mal testen &#8211; wir berichten w\u00f6chentlich \u00fcber interessante Aktienwerte, Dividenden, ETFs, Anleihen, Broker Vergleiche, Kapitalanlage, Altersvorsorge, Steuern, Rente, [&hellip;]<\/p>\n","protected":false},"author":1,"featured_media":0,"parent":2300,"menu_order":4,"comment_status":"closed","ping_status":"closed","template":"","meta":{"footnotes":""},"class_list":["post-3035","page","type-page","status-publish","hentry","wpbf-post"],"_links":{"self":[{"href":"https:\/\/www.ernsting.com\/tr\/wp-json\/wp\/v2\/pages\/3035","targetHints":{"allow":["GET"]}}],"collection":[{"href":"https:\/\/www.ernsting.com\/tr\/wp-json\/wp\/v2\/pages"}],"about":[{"href":"https:\/\/www.ernsting.com\/tr\/wp-json\/wp\/v2\/types\/page"}],"author":[{"embeddable":true,"href":"https:\/\/www.ernsting.com\/tr\/wp-json\/wp\/v2\/users\/1"}],"replies":[{"embeddable":true,"href":"https:\/\/www.ernsting.com\/tr\/wp-json\/wp\/v2\/comments?post=3035"}],"version-history":[{"count":6,"href":"https:\/\/www.ernsting.com\/tr\/wp-json\/wp\/v2\/pages\/3035\/revisions"}],"predecessor-version":[{"id":3221,"href":"https:\/\/www.ernsting.com\/tr\/wp-json\/wp\/v2\/pages\/3035\/revisions\/3221"}],"up":[{"embeddable":true,"href":"https:\/\/www.ernsting.com\/tr\/wp-json\/wp\/v2\/pages\/2300"}],"wp:attachment":[{"href":"https:\/\/www.ernsting.com\/tr\/wp-json\/wp\/v2\/media?parent=3035"}],"curies":[{"name":"wp","href":"https:\/\/api.w.org\/{rel}","templated":true}]}}